{"id":12,"date":"2014-10-29T13:54:40","date_gmt":"2014-10-29T11:54:40","guid":{"rendered":"http:\/\/campingcadir.com\/?page_id=12"},"modified":"2018-10-23T09:11:02","modified_gmt":"2018-10-23T06:11:02","slug":"hakkimizda","status":"publish","type":"page","link":"https:\/\/www.campingcadir.com\/?page_id=12","title":{"rendered":"Hakk\u0131m\u0131zda"},"content":{"rendered":"<p>\u00c7ad\u0131r Branda Tente Dekorasyon olarak, 1990 y\u0131l\u0131nda , \u00e7ad\u0131r,branda tente \u00fcretimini ger\u00e7ekle\u015ftirmek \u00fczere k\u00fc\u00e7\u00fck bir at\u00f6lye ile yola \u00e7\u0131kt\u0131k. Yenilik\u00e7i ve at\u0131l\u0131mc\u0131 kimli\u011fimiz sayesinde s\u00fcrekli kendimizi geli\u015ftirdik, m\u00fc\u015fterilerimize daima beklentilerinin bir ad\u0131m \u00f6tesinde hizmet sunduk.<\/p>\n<p>Asla \u00f6d\u00fcn vermedi\u011fimiz kalitemiz, sat\u0131\u015f sonras\u0131 kesintisiz hizmet anlay\u0131\u015f\u0131m\u0131z ve eksiksiz hayata ge\u00e7irdi\u011fimiz &#8220;mutlak m\u00fc\u015fteri memnuniyeti&#8221; ilkemiz ile daima sekt\u00f6r\u00fcm\u00fcz\u00fcn standartlar\u0131n\u0131 belirledik, belirlemeye de devam ediyoruz.<\/p>\n<p>Biliyoruz&#8230; Bug\u00fcn oldu\u011fu gibi yar\u0131nlarda da se\u00e7kin mek\u00e2nlara bamba\u015fka boyutlar katman\u0131n heyecan\u0131n\u0131 ve gururunu ya\u015famaya devam edece\u011fiz.<\/p>\n","protected":false},"excerpt":{"rendered":"<p>\u00c7ad\u0131r Branda Tente Dekorasyon olarak, 1990 y\u0131l\u0131nda , \u00e7ad\u0131r,branda tente \u00fcretimini ger\u00e7ekle\u015ftirmek \u00fczere k\u00fc\u00e7\u00fck bir at\u00f6lye ile yola \u00e7\u0131kt\u0131k. Yenilik\u00e7i ve at\u0131l\u0131mc\u0131 kimli\u011fimiz sayesinde s\u00fcrekli kendimizi geli\u015ftirdik, m\u00fc\u015fterilerimize daima beklentilerinin bir ad\u0131m \u00f6tesinde hizmet sunduk. Asla \u00f6d\u00fcn vermedi\u011fimiz kalitemiz, sat\u0131\u015f sonras\u0131 kesintisiz hizmet anlay\u0131\u015f\u0131m\u0131z ve eksiksiz hayata ge\u00e7irdi\u011fimiz &#8220;mutlak m\u00fc\u015fteri memnuniyeti&#8221; ilkemiz ile daima sekt\u00f6r\u00fcm\u00fcz\u00fcn [&hellip;]<\/p>\n","protected":false},"author":7,"featured_media":0,"parent":0,"menu_order":0,"comment_status":"open","ping_status":"open","template":"","meta":{"_crdt_document":"","footnotes":""},"class_list":["post-12","page","type-page","status-publish","hentry"],"_links":{"self":[{"href":"https:\/\/www.campingcadir.com\/index.php?rest_route=\/wp\/v2\/pages\/12","targetHints":{"allow":["GET"]}}],"collection":[{"href":"https:\/\/www.campingcadir.com\/index.php?rest_route=\/wp\/v2\/pages"}],"about":[{"href":"https:\/\/www.campingcadir.com\/index.php?rest_route=\/wp\/v2\/types\/page"}],"author":[{"embeddable":true,"href":"https:\/\/www.campingcadir.com\/index.php?rest_route=\/wp\/v2\/users\/7"}],"replies":[{"embeddable":true,"href":"https:\/\/www.campingcadir.com\/index.php?rest_route=%2Fwp%2Fv2%2Fcomments&post=12"}],"version-history":[{"count":3,"href":"https:\/\/www.campingcadir.com\/index.php?rest_route=\/wp\/v2\/pages\/12\/revisions"}],"predecessor-version":[{"id":1102,"href":"https:\/\/www.campingcadir.com\/index.php?rest_route=\/wp\/v2\/pages\/12\/revisions\/1102"}],"wp:attachment":[{"href":"https:\/\/www.campingcadir.com\/index.php?rest_route=%2Fwp%2Fv2%2Fmedia&parent=12"}],"curies":[{"name":"wp","href":"https:\/\/api.w.org\/{rel}","templated":true}]}}