{"id":14,"date":"2014-10-29T13:54:57","date_gmt":"2014-10-29T11:54:57","guid":{"rendered":"http:\/\/campingcadir.com\/?page_id=14"},"modified":"2022-05-05T01:07:03","modified_gmt":"2022-05-04T22:07:03","slug":"urunler","status":"publish","type":"page","link":"https:\/\/www.campingcadir.com\/?page_id=14","title":{"rendered":"\u00dcr\u00fcnler"},"content":{"rendered":"<div  id=\"av-sc-portfolio-1\"  class=\"av-portfolio-grid-sorting-container\"><div class='sort_width_container  av-sort-yes' data-portfolio-id='1' ><div id='js_sort_items' ><div class='sort_by_cat '><a href=\"#\" data-filter=\"all_sort\" class=\"all_sort_button active_sort\"><span class=\"inner_sort_button\"><span>T\u00fcm\u00fc<\/span><small class=\"av-cat-count\"> 16 <\/small><\/span><\/a><span class=\"text-sep arac-tenteleri_sort_sep\">\/<\/span><a href=\"#\" data-filter=\"arac-tenteleri_sort\" class=\"arac-tenteleri_sort_button\" ><span class=\"inner_sort_button\"><span>Ara\u00e7 Tenteleri<\/span><small class=\"av-cat-count\"> 1 <\/small><\/span><\/a><span class=\"text-sep cadir_sort_sep\">\/<\/span><a href=\"#\" data-filter=\"cadir_sort\" class=\"cadir_sort_button\" ><span class=\"inner_sort_button\"><span>\u00c7ad\u0131r<\/span><small class=\"av-cat-count\"> 1 <\/small><\/span><\/a><span class=\"text-sep membran-yapilar_sort_sep\">\/<\/span><a href=\"#\" data-filter=\"membran-yapilar_sort\" class=\"membran-yapilar_sort_button\" ><span class=\"inner_sort_button\"><span>Membran Yap\u0131lar<\/span><small class=\"av-cat-count\"> 2 <\/small><\/span><\/a><span class=\"text-sep sisme-urunler_sort_sep\">\/<\/span><a href=\"#\" data-filter=\"sisme-urunler_sort\" class=\"sisme-urunler_sort_button\" ><span class=\"inner_sort_button\"><span>\u015ei\u015fme \u00dcr\u00fcnler<\/span><small class=\"av-cat-count\"> 9 <\/small><\/span><\/a><\/div><\/div><\/div><div  class=' grid-sort-container isotope   no_margin-container with-excerpt-container grid-total-even grid-col-4 grid-links-' data-portfolio-id='1'><div data-ajax-id='1044' class=' grid-entry flex_column isotope-item all_sort no_margin post-entry post-entry-1044 grid-entry-overview grid-loop-1 grid-parity-odd   av_one_fourth first default_av_fullwidth '><article class='main_color inner-entry'  itemscope=\"itemscope\" itemtype=\"https:\/\/schema.org\/CreativeWork\" ><a href=\"https:\/\/www.campingcadir.com\/?portfolio=yatay-karpuz-dilimli-tente\" title='Yatay Karpuz Dilimli Tente'  data-rel='grid-1' class='grid-image avia-hover-fx'> <img decoding=\"async\" fetchpriority=\"high\" width=\"260\" height=\"185\" src=\"https:\/\/www.campingcadir.com\/wp-content\/uploads\/2016\/09\/urunler_yatay_karpuz_dilimli_tente_2-260x185.jpg\" class=\"wp-image-1015 avia-img-lazy-loading-not-1015 attachment-portfolio_small size-portfolio_small wp-post-image\" alt=\"\" \/><\/a><div class='grid-content'><div class='avia-arrow'><\/div><header class=\"entry-content-header\" aria-label=\"Portfolio: Yatay Karpuz Dilimli Tente\"><h3 class='grid-entry-title entry-title '  itemprop=\"headline\" ><a href='https:\/\/www.campingcadir.com\/?portfolio=yatay-karpuz-dilimli-tente' title='Yatay Karpuz Dilimli Tente'>Yatay Karpuz Dilimli Tente<\/a><\/h3><\/header><\/div><footer class=\"entry-footer\"><\/footer><\/article><\/div><div data-ajax-id='744' class=' grid-entry flex_column isotope-item all_sort no_margin post-entry post-entry-744 grid-entry-overview grid-loop-2 grid-parity-even  membran-yapilar_sort  av_one_fourth  default_av_fullwidth '><article class='main_color inner-entry'  itemscope=\"itemscope\" itemtype=\"https:\/\/schema.org\/CreativeWork\" ><a href=\"https:\/\/www.campingcadir.com\/?portfolio=yarasa-membran-germe-yapilar\" title='Yarasa Membran Germe Yap\u0131lar'  data-rel='grid-1' class='grid-image avia-hover-fx'> <img decoding=\"async\" fetchpriority=\"high\" width=\"260\" height=\"185\" src=\"https:\/\/www.campingcadir.com\/wp-content\/uploads\/2014\/12\/urunler_membran_yarasa_germe_7_s_w-260x185.jpg\" class=\"wp-image-751 avia-img-lazy-loading-not-751 attachment-portfolio_small size-portfolio_small wp-post-image\" alt=\"\" \/><\/a><div class='grid-content'><div class='avia-arrow'><\/div><header class=\"entry-content-header\" aria-label=\"Portfolio: Yarasa Membran Germe Yap\u0131lar\"><h3 class='grid-entry-title entry-title '  itemprop=\"headline\" ><a href='https:\/\/www.campingcadir.com\/?portfolio=yarasa-membran-germe-yapilar' title='Yarasa Membran Germe Yap\u0131lar'>Yarasa Membran Germe Yap\u0131lar<\/a><\/h3><\/header><\/div><footer class=\"entry-footer\"><\/footer><\/article><\/div><div data-ajax-id='836' class=' grid-entry flex_column isotope-item all_sort no_margin post-entry post-entry-836 grid-entry-overview grid-loop-3 grid-parity-odd  arac-tenteleri_sort  av_one_fourth  default_av_fullwidth '><article class='main_color inner-entry'  itemscope=\"itemscope\" itemtype=\"https:\/\/schema.org\/CreativeWork\" ><a href=\"https:\/\/www.campingcadir.com\/?portfolio=tir-brandasi\" title='T\u0131r Brandas\u0131'  data-rel='grid-1' class='grid-image avia-hover-fx'> <img decoding=\"async\" fetchpriority=\"high\" width=\"260\" height=\"185\" src=\"https:\/\/www.campingcadir.com\/wp-content\/uploads\/2014\/12\/urunler_kamyonet_tentesi_tir_brandasi_1_s_w-260x185.jpg\" class=\"wp-image-837 avia-img-lazy-loading-not-837 attachment-portfolio_small size-portfolio_small wp-post-image\" alt=\"\" \/><\/a><div class='grid-content'><div class='avia-arrow'><\/div><header class=\"entry-content-header\" aria-label=\"Portfolio: T\u0131r Brandas\u0131\"><h3 class='grid-entry-title entry-title '  itemprop=\"headline\" ><a href='https:\/\/www.campingcadir.com\/?portfolio=tir-brandasi' title='T\u0131r Brandas\u0131'>T\u0131r Brandas\u0131<\/a><\/h3><\/header><\/div><footer class=\"entry-footer\"><\/footer><\/article><\/div><div data-ajax-id='813' class=' grid-entry flex_column isotope-item all_sort no_margin post-entry post-entry-813 grid-entry-overview grid-loop-4 grid-parity-even  membran-yapilar_sort  av_one_fourth  default_av_fullwidth '><article class='main_color inner-entry'  itemscope=\"itemscope\" itemtype=\"https:\/\/schema.org\/CreativeWork\" ><a href=\"https:\/\/www.campingcadir.com\/?portfolio=ters-gazebo-membran-yapilar\" title='Ters Gazebo Membran Yap\u0131lar'  data-rel='grid-1' class='grid-image avia-hover-fx'> <img decoding=\"async\" fetchpriority=\"high\" width=\"260\" height=\"185\" src=\"https:\/\/www.campingcadir.com\/wp-content\/uploads\/2014\/12\/urunler_ters_gazebo_membran_1_s_w-260x185.jpg\" class=\"wp-image-814 avia-img-lazy-loading-not-814 attachment-portfolio_small size-portfolio_small wp-post-image\" alt=\"\" \/><\/a><div class='grid-content'><div class='avia-arrow'><\/div><header class=\"entry-content-header\" aria-label=\"Portfolio: Ters Gazebo Membran Yap\u0131lar\"><h3 class='grid-entry-title entry-title '  itemprop=\"headline\" ><a href='https:\/\/www.campingcadir.com\/?portfolio=ters-gazebo-membran-yapilar' title='Ters Gazebo Membran Yap\u0131lar'>Ters Gazebo Membran Yap\u0131lar<\/a><\/h3><\/header><\/div><footer class=\"entry-footer\"><\/footer><\/article><\/div><div data-ajax-id='946' class=' grid-entry flex_column isotope-item all_sort no_margin post-entry post-entry-946 grid-entry-overview grid-loop-5 grid-parity-odd  sisme-urunler_sort  av_one_fourth first default_av_fullwidth '><article class='main_color inner-entry'  itemscope=\"itemscope\" itemtype=\"https:\/\/schema.org\/CreativeWork\" ><a href=\"https:\/\/www.campingcadir.com\/?portfolio=sisme-urun-maketi\" title='\u015ei\u015fme \u00dcr\u00fcn Maketi'  data-rel='grid-1' class='grid-image avia-hover-fx'> <img decoding=\"async\" fetchpriority=\"high\" width=\"260\" height=\"185\" src=\"https:\/\/www.campingcadir.com\/wp-content\/uploads\/2015\/06\/urunler_sisme_urun_maketi_2_s_w-260x185.jpg\" class=\"wp-image-948 avia-img-lazy-loading-not-948 attachment-portfolio_small size-portfolio_small wp-post-image\" alt=\"\" \/><\/a><div class='grid-content'><div class='avia-arrow'><\/div><header class=\"entry-content-header\" aria-label=\"Portfolio: \u015ei\u015fme \u00dcr\u00fcn Maketi\"><h3 class='grid-entry-title entry-title '  itemprop=\"headline\" ><a href='https:\/\/www.campingcadir.com\/?portfolio=sisme-urun-maketi' title='\u015ei\u015fme \u00dcr\u00fcn Maketi'>\u015ei\u015fme \u00dcr\u00fcn Maketi<\/a><\/h3><\/header><\/div><footer class=\"entry-footer\"><\/footer><\/article><\/div><div data-ajax-id='1072' class=' grid-entry flex_column isotope-item all_sort no_margin post-entry post-entry-1072 grid-entry-overview grid-loop-6 grid-parity-even   av_one_fourth  default_av_fullwidth '><article class='main_color inner-entry'  itemscope=\"itemscope\" itemtype=\"https:\/\/schema.org\/CreativeWork\" ><a href=\"https:\/\/www.campingcadir.com\/?portfolio=sisme-tirmanma-dagi\" title='\u015ei\u015fme T\u0131rmanma Da\u011f\u0131'  data-rel='grid-1' class='grid-image avia-hover-fx'> <img decoding=\"async\" fetchpriority=\"high\" width=\"260\" height=\"185\" src=\"https:\/\/www.campingcadir.com\/wp-content\/uploads\/2016\/10\/sisme_tirmanma_dagi-260x185.jpg\" class=\"wp-image-1073 avia-img-lazy-loading-not-1073 attachment-portfolio_small size-portfolio_small wp-post-image\" alt=\"\" \/><\/a><div class='grid-content'><div class='avia-arrow'><\/div><header class=\"entry-content-header\" aria-label=\"Portfolio: \u015ei\u015fme T\u0131rmanma Da\u011f\u0131\"><h3 class='grid-entry-title entry-title '  itemprop=\"headline\" ><a href='https:\/\/www.campingcadir.com\/?portfolio=sisme-tirmanma-dagi' title='\u015ei\u015fme T\u0131rmanma Da\u011f\u0131'>\u015ei\u015fme T\u0131rmanma Da\u011f\u0131<\/a><\/h3><\/header><\/div><footer class=\"entry-footer\"><\/footer><\/article><\/div><div data-ajax-id='804' class=' grid-entry flex_column isotope-item all_sort no_margin post-entry post-entry-804 grid-entry-overview grid-loop-7 grid-parity-odd  sisme-urunler_sort  av_one_fourth  default_av_fullwidth '><article class='main_color inner-entry'  itemscope=\"itemscope\" itemtype=\"https:\/\/schema.org\/CreativeWork\" ><a href=\"https:\/\/www.campingcadir.com\/?portfolio=sisme-tag-2\" title='\u015ei\u015fme Tag'  data-rel='grid-1' class='grid-image avia-hover-fx'> <img decoding=\"async\" fetchpriority=\"high\" width=\"260\" height=\"185\" src=\"https:\/\/www.campingcadir.com\/wp-content\/uploads\/2014\/12\/urunler_sisme_tag_8_s_w-260x185.jpg\" class=\"wp-image-812 avia-img-lazy-loading-not-812 attachment-portfolio_small size-portfolio_small wp-post-image\" alt=\"\" \/><\/a><div class='grid-content'><div class='avia-arrow'><\/div><header class=\"entry-content-header\" aria-label=\"Portfolio: \u015ei\u015fme Tag\"><h3 class='grid-entry-title entry-title '  itemprop=\"headline\" ><a href='https:\/\/www.campingcadir.com\/?portfolio=sisme-tag-2' title='\u015ei\u015fme Tag'>\u015ei\u015fme Tag<\/a><\/h3><\/header><\/div><footer class=\"entry-footer\"><\/footer><\/article><\/div><div data-ajax-id='310' class=' grid-entry flex_column isotope-item all_sort no_margin post-entry post-entry-310 grid-entry-overview grid-loop-8 grid-parity-even  sisme-urunler_sort  av_one_fourth  default_av_fullwidth '><article class='main_color inner-entry'  itemscope=\"itemscope\" itemtype=\"https:\/\/schema.org\/CreativeWork\" ><a href=\"https:\/\/www.campingcadir.com\/?portfolio=sisme-su-urunleri\" title='\u015ei\u015fme Su \u00dcr\u00fcnleri'  data-rel='grid-1' class='grid-image avia-hover-fx'> <img decoding=\"async\" fetchpriority=\"high\" width=\"260\" height=\"185\" src=\"https:\/\/www.campingcadir.com\/wp-content\/uploads\/2014\/12\/urunler_sisme_su_oyun_parkuru_2_s_w-260x185.jpg\" class=\"wp-image-731 avia-img-lazy-loading-not-731 attachment-portfolio_small size-portfolio_small wp-post-image\" alt=\"\" \/><\/a><div class='grid-content'><div class='avia-arrow'><\/div><header class=\"entry-content-header\" aria-label=\"Portfolio: \u015ei\u015fme Su \u00dcr\u00fcnleri\"><h3 class='grid-entry-title entry-title '  itemprop=\"headline\" ><a href='https:\/\/www.campingcadir.com\/?portfolio=sisme-su-urunleri' title='\u015ei\u015fme Su \u00dcr\u00fcnleri'>\u015ei\u015fme Su \u00dcr\u00fcnleri<\/a><\/h3><\/header><\/div><footer class=\"entry-footer\"><\/footer><\/article><\/div><div data-ajax-id='1048' class=' grid-entry flex_column isotope-item all_sort no_margin post-entry post-entry-1048 grid-entry-overview grid-loop-9 grid-parity-odd  sisme-urunler_sort  av_one_fourth first default_av_fullwidth '><article class='main_color inner-entry'  itemscope=\"itemscope\" itemtype=\"https:\/\/schema.org\/CreativeWork\" ><a href=\"https:\/\/www.campingcadir.com\/?portfolio=sisme-su-oyun-parkurlari\" title='\u015ei\u015fme Su Oyun Parkurlar\u0131'  data-rel='grid-1' class='grid-image avia-hover-fx'> <img decoding=\"async\" fetchpriority=\"high\" width=\"260\" height=\"185\" src=\"https:\/\/www.campingcadir.com\/wp-content\/uploads\/2014\/12\/urunler_sisme_su_oyun_parkuru_1_s_w-260x185.jpg\" class=\"wp-image-730 avia-img-lazy-loading-not-730 attachment-portfolio_small size-portfolio_small wp-post-image\" alt=\"\" \/><\/a><div class='grid-content'><div class='avia-arrow'><\/div><header class=\"entry-content-header\" aria-label=\"Portfolio: \u015ei\u015fme Su Oyun Parkurlar\u0131\"><h3 class='grid-entry-title entry-title '  itemprop=\"headline\" ><a href='https:\/\/www.campingcadir.com\/?portfolio=sisme-su-oyun-parkurlari' title='\u015ei\u015fme Su Oyun Parkurlar\u0131'>\u015ei\u015fme Su Oyun Parkurlar\u0131<\/a><\/h3><\/header><\/div><footer class=\"entry-footer\"><\/footer><\/article><\/div><div data-ajax-id='950' class=' grid-entry flex_column isotope-item all_sort no_margin post-entry post-entry-950 grid-entry-overview grid-loop-10 grid-parity-even  sisme-urunler_sort  av_one_fourth  default_av_fullwidth '><article class='main_color inner-entry'  itemscope=\"itemscope\" itemtype=\"https:\/\/schema.org\/CreativeWork\" ><a href=\"https:\/\/www.campingcadir.com\/?portfolio=sisme-reklam-ve-sinevizyon-panosu\" title='\u015ei\u015fme Reklam ve Sinevizyon Panosu'  data-rel='grid-1' class='grid-image avia-hover-fx'> <img decoding=\"async\" fetchpriority=\"high\" width=\"260\" height=\"185\" src=\"https:\/\/www.campingcadir.com\/wp-content\/uploads\/2015\/06\/urunler_sisme_reklam_ve_sinevizyon_panosu_2_s_w-260x185.jpg\" class=\"wp-image-952 avia-img-lazy-loading-not-952 attachment-portfolio_small size-portfolio_small wp-post-image\" alt=\"\" \/><\/a><div class='grid-content'><div class='avia-arrow'><\/div><header class=\"entry-content-header\" aria-label=\"Portfolio: \u015ei\u015fme Reklam ve Sinevizyon Panosu\"><h3 class='grid-entry-title entry-title '  itemprop=\"headline\" ><a href='https:\/\/www.campingcadir.com\/?portfolio=sisme-reklam-ve-sinevizyon-panosu' title='\u015ei\u015fme Reklam ve Sinevizyon Panosu'>\u015ei\u015fme Reklam ve Sinevizyon Panosu<\/a><\/h3><\/header><\/div><footer class=\"entry-footer\"><\/footer><\/article><\/div><div data-ajax-id='715' class=' grid-entry flex_column isotope-item all_sort no_margin post-entry post-entry-715 grid-entry-overview grid-loop-11 grid-parity-odd  sisme-urunler_sort  av_one_fourth  default_av_fullwidth '><article class='main_color inner-entry'  itemscope=\"itemscope\" itemtype=\"https:\/\/schema.org\/CreativeWork\" ><a href=\"https:\/\/www.campingcadir.com\/?portfolio=sisme-reklam-balonu\" title='\u015ei\u015fme Reklam Balonu'  data-rel='grid-1' class='grid-image avia-hover-fx'> <img decoding=\"async\" fetchpriority=\"high\" width=\"260\" height=\"185\" src=\"https:\/\/www.campingcadir.com\/wp-content\/uploads\/2014\/12\/urunler_sisme_reklam_balonu_4_s_w-260x185.jpg\" class=\"wp-image-719 avia-img-lazy-loading-not-719 attachment-portfolio_small size-portfolio_small wp-post-image\" alt=\"\" \/><\/a><div class='grid-content'><div class='avia-arrow'><\/div><header class=\"entry-content-header\" aria-label=\"Portfolio: \u015ei\u015fme Reklam Balonu\"><h3 class='grid-entry-title entry-title '  itemprop=\"headline\" ><a href='https:\/\/www.campingcadir.com\/?portfolio=sisme-reklam-balonu' title='\u015ei\u015fme Reklam Balonu'>\u015ei\u015fme Reklam Balonu<\/a><\/h3><\/header><\/div><footer class=\"entry-footer\"><\/footer><\/article><\/div><div data-ajax-id='696' class=' grid-entry flex_column isotope-item all_sort no_margin post-entry post-entry-696 grid-entry-overview grid-loop-12 grid-parity-even  sisme-urunler_sort  av_one_fourth  default_av_fullwidth '><article class='main_color inner-entry'  itemscope=\"itemscope\" itemtype=\"https:\/\/schema.org\/CreativeWork\" ><a href=\"https:\/\/www.campingcadir.com\/?portfolio=sisme-oyun-parkurlari\" title='\u015ei\u015fme Oyun Parkurlar\u0131'  data-rel='grid-1' class='grid-image avia-hover-fx'> <img decoding=\"async\" fetchpriority=\"high\" width=\"260\" height=\"185\" src=\"https:\/\/www.campingcadir.com\/wp-content\/uploads\/2014\/12\/urunler_sisme_oyun_parkurlari_9_s_w-260x185.jpg\" class=\"wp-image-705 avia-img-lazy-loading-not-705 attachment-portfolio_small size-portfolio_small wp-post-image\" alt=\"\" \/><\/a><div class='grid-content'><div class='avia-arrow'><\/div><header class=\"entry-content-header\" aria-label=\"Portfolio: \u015ei\u015fme Oyun Parkurlar\u0131\"><h3 class='grid-entry-title entry-title '  itemprop=\"headline\" ><a href='https:\/\/www.campingcadir.com\/?portfolio=sisme-oyun-parkurlari' title='\u015ei\u015fme Oyun Parkurlar\u0131'>\u015ei\u015fme Oyun Parkurlar\u0131<\/a><\/h3><\/header><\/div><footer class=\"entry-footer\"><\/footer><\/article><\/div><div data-ajax-id='693' class=' grid-entry flex_column isotope-item all_sort no_margin post-entry post-entry-693 grid-entry-overview grid-loop-13 grid-parity-odd  sisme-urunler_sort  av_one_fourth first default_av_fullwidth '><article class='main_color inner-entry'  itemscope=\"itemscope\" itemtype=\"https:\/\/schema.org\/CreativeWork\" ><a href=\"https:\/\/www.campingcadir.com\/?portfolio=sisme-havuz-2\" title='\u015ei\u015fme Havuz'  data-rel='grid-1' class='grid-image avia-hover-fx'> <img decoding=\"async\" fetchpriority=\"high\" width=\"260\" height=\"185\" src=\"https:\/\/www.campingcadir.com\/wp-content\/uploads\/2014\/12\/urunler_sisme-havuz-2_s_w-260x185.jpg\" class=\"wp-image-695 avia-img-lazy-loading-not-695 attachment-portfolio_small size-portfolio_small wp-post-image\" alt=\"\" \/><\/a><div class='grid-content'><div class='avia-arrow'><\/div><header class=\"entry-content-header\" aria-label=\"Portfolio: \u015ei\u015fme Havuz\"><h3 class='grid-entry-title entry-title '  itemprop=\"headline\" ><a href='https:\/\/www.campingcadir.com\/?portfolio=sisme-havuz-2' title='\u015ei\u015fme Havuz'>\u015ei\u015fme Havuz<\/a><\/h3><\/header><\/div><footer class=\"entry-footer\"><\/footer><\/article><\/div><div data-ajax-id='677' class=' grid-entry flex_column isotope-item all_sort no_margin post-entry post-entry-677 grid-entry-overview grid-loop-14 grid-parity-even  cadir_sort sisme-urunler_sort  av_one_fourth  default_av_fullwidth '><article class='main_color inner-entry'  itemscope=\"itemscope\" itemtype=\"https:\/\/schema.org\/CreativeWork\" ><a href=\"https:\/\/www.campingcadir.com\/?portfolio=sisme-cadir-2\" title='\u015ei\u015fme \u00c7ad\u0131r'  data-rel='grid-1' class='grid-image avia-hover-fx'> <img decoding=\"async\" fetchpriority=\"high\" width=\"260\" height=\"185\" src=\"https:\/\/www.campingcadir.com\/wp-content\/uploads\/2014\/12\/urunler_sisme_cadir_2_s_w-260x185.jpg\" class=\"wp-image-679 avia-img-lazy-loading-not-679 attachment-portfolio_small size-portfolio_small wp-post-image\" alt=\"\" \/><\/a><div class='grid-content'><div class='avia-arrow'><\/div><header class=\"entry-content-header\" aria-label=\"Portfolio: \u015ei\u015fme \u00c7ad\u0131r\"><h3 class='grid-entry-title entry-title '  itemprop=\"headline\" ><a href='https:\/\/www.campingcadir.com\/?portfolio=sisme-cadir-2' title='\u015ei\u015fme \u00c7ad\u0131r'>\u015ei\u015fme \u00c7ad\u0131r<\/a><\/h3><\/header><\/div><footer class=\"entry-footer\"><\/footer><\/article><\/div><div data-ajax-id='1038' class=' grid-entry flex_column isotope-item all_sort no_margin post-entry post-entry-1038 grid-entry-overview grid-loop-15 grid-parity-odd   av_one_fourth  default_av_fullwidth '><article class='main_color inner-entry'  itemscope=\"itemscope\" itemtype=\"https:\/\/schema.org\/CreativeWork\" ><a href=\"https:\/\/www.campingcadir.com\/?portfolio=sezlong-minderi\" title='\u015eezlong Minderi'  data-rel='grid-1' class='grid-image avia-hover-fx'> <img decoding=\"async\" fetchpriority=\"high\" width=\"260\" height=\"185\" src=\"https:\/\/www.campingcadir.com\/wp-content\/uploads\/2016\/10\/urunler_minder_sezlong_1_s_w-260x185.jpg\" class=\"wp-image-1039 avia-img-lazy-loading-not-1039 attachment-portfolio_small size-portfolio_small wp-post-image\" alt=\"\" \/><\/a><div class='grid-content'><div class='avia-arrow'><\/div><header class=\"entry-content-header\" aria-label=\"Portfolio: \u015eezlong Minderi\"><h3 class='grid-entry-title entry-title '  itemprop=\"headline\" ><a href='https:\/\/www.campingcadir.com\/?portfolio=sezlong-minderi' title='\u015eezlong Minderi'>\u015eezlong Minderi<\/a><\/h3><\/header><\/div><footer class=\"entry-footer\"><\/footer><\/article><\/div><div data-ajax-id='1034' class=' grid-entry flex_column isotope-item all_sort no_margin post-entry post-entry-1034 grid-entry-overview grid-loop-16 grid-parity-even  post-entry-last   av_one_fourth  default_av_fullwidth '><article class='main_color inner-entry'  itemscope=\"itemscope\" itemtype=\"https:\/\/schema.org\/CreativeWork\" ><a href=\"https:\/\/www.campingcadir.com\/?portfolio=sezlong-brandasi\" title='\u015eezlong Brandas\u0131'  data-rel='grid-1' class='grid-image avia-hover-fx'> <img decoding=\"async\" fetchpriority=\"high\" width=\"260\" height=\"185\" src=\"https:\/\/www.campingcadir.com\/wp-content\/uploads\/2016\/10\/branda_sezlong_1_s_w-260x185.jpg\" class=\"wp-image-1035 avia-img-lazy-loading-not-1035 attachment-portfolio_small size-portfolio_small wp-post-image\" alt=\"\" \/><\/a><div class='grid-content'><div class='avia-arrow'><\/div><header class=\"entry-content-header\" aria-label=\"Portfolio: \u015eezlong Brandas\u0131\"><h3 class='grid-entry-title entry-title '  itemprop=\"headline\" ><a href='https:\/\/www.campingcadir.com\/?portfolio=sezlong-brandasi' title='\u015eezlong Brandas\u0131'>\u015eezlong Brandas\u0131<\/a><\/h3><\/header><\/div><footer class=\"entry-footer\"><\/footer><\/article><\/div><\/div><\/div>   <!--   class=\"av-portfolio-grid-sorting-container\"  --><div class='pagination-wrap  '><nav class='pagination'><span class='pagination-meta'>Page 1 of 3<\/span><span class='current'>1<\/span><a href='https:\/\/www.campingcadir.com\/index.php?rest_route=%2Fwp%2Fv2%2Fpages%2F14&#038;avia-element-paging=2' class='inactive next_page' >2<\/a><a href='https:\/\/www.campingcadir.com\/index.php?rest_route=%2Fwp%2Fv2%2Fpages%2F14&#038;avia-element-paging=3' class='inactive' >3<\/a><\/nav>\n<\/div>\n","protected":false},"excerpt":{"rendered":"","protected":false},"author":7,"featured_media":0,"parent":0,"menu_order":0,"comment_status":"open","ping_status":"open","template":"","meta":{"_crdt_document":"","footnotes":""},"class_list":["post-14","page","type-page","status-publish","hentry"],"_links":{"self":[{"href":"https:\/\/www.campingcadir.com\/index.php?rest_route=\/wp\/v2\/pages\/14","targetHints":{"allow":["GET"]}}],"collection":[{"href":"https:\/\/www.campingcadir.com\/index.php?rest_route=\/wp\/v2\/pages"}],"about":[{"href":"https:\/\/www.campingcadir.com\/index.php?rest_route=\/wp\/v2\/types\/page"}],"author":[{"embeddable":true,"href":"https:\/\/www.campingcadir.com\/index.php?rest_route=\/wp\/v2\/users\/7"}],"replies":[{"embeddable":true,"href":"https:\/\/www.campingcadir.com\/index.php?rest_route=%2Fwp%2Fv2%2Fcomments&post=14"}],"version-history":[{"count":11,"href":"https:\/\/www.campingcadir.com\/index.php?rest_route=\/wp\/v2\/pages\/14\/revisions"}],"predecessor-version":[{"id":1156,"href":"https:\/\/www.campingcadir.com\/index.php?rest_route=\/wp\/v2\/pages\/14\/revisions\/1156"}],"wp:attachment":[{"href":"https:\/\/www.campingcadir.com\/index.php?rest_route=%2Fwp%2Fv2%2Fmedia&parent=14"}],"curies":[{"name":"wp","href":"https:\/\/api.w.org\/{rel}","templated":true}]}}